{"id":17,"date":"2024-01-23T10:35:20","date_gmt":"2024-01-23T13:35:20","guid":{"rendered":"https:\/\/drfeliperamos.com.br\/?page_id=17"},"modified":"2025-11-13T22:26:04","modified_gmt":"2025-11-14T01:26:04","slug":"home","status":"publish","type":"page","link":"https:\/\/drfeliperamos.com.br\/","title":{"rendered":"Home"},"content":{"rendered":"\n\n<h2>\n\t\tColoproctologia\n\t<\/h2>\nTratamento especializado das diversas doen\u00e7as do intestino, reto e \u00e2nus como:\n\u2022 Colectomias por cirurgia convencional e por videocirurgia (tumores e\/ou divert\u00edculos no intestino);\n\u2022 Hemorroidectomia por cirurgia convencional e grampeada (menor dor no p\u00f3s-operat\u00f3rio);\n\u2022 Tratamento da incontin\u00eancia fecal (pessoa que n\u00e3o consegue segurar as fezes);\n\u2022 Tratamento da f\u00edstula anal por cirurgia convencional e cirurgia minimamente invasiva (menor incis\u00e3o e menor dor no p\u00f3s-operat\u00f3rio);\n\u2022 Corre\u00e7\u00e3o do prolapso anal (intestino que se exterioriza por baixo);\n\u2022 Problemas ano-retais como fissura anal, f\u00edstula anal etc.\n\t\t\t\t<img loading=\"lazy\" decoding=\"async\" src=\"https:\/\/drfeliperamos.com.br\/wp-content\/uploads\/2024\/01\/sobre.png\" alt=\"sobre\" itemprop=\"image\" height=\"405\" width=\"500\" title=\"sobre\" onerror=\"this.style.display='none'\"  \/>\n\t\t\t\t<img decoding=\"async\" src=\"https:\/\/bblayouts.wpcreative.io\/wp-content\/uploads\/2020\/01\/logo-mountain-dams.png\" alt=\"\" itemprop=\"image\" onerror=\"this.style.display='none'\"  \/>\n\t\t\t\t<img decoding=\"async\" src=\"https:\/\/bblayouts.wpcreative.io\/wp-content\/uploads\/2020\/01\/logo-jett-3.png\" alt=\"\" itemprop=\"image\" onerror=\"this.style.display='none'\"  \/>\n\t\t\t\t<img decoding=\"async\" src=\"https:\/\/bblayouts.wpcreative.io\/wp-content\/uploads\/2020\/01\/logo-youngs-coffee-1.png\" alt=\"\" itemprop=\"image\" onerror=\"this.style.display='none'\"  \/>\n\t\t\t\t<img decoding=\"async\" src=\"https:\/\/bblayouts.wpcreative.io\/wp-content\/uploads\/2020\/01\/logo-travel-7.png\" alt=\"\" itemprop=\"image\" onerror=\"this.style.display='none'\"  \/>\n\t\t\t\t<img decoding=\"async\" src=\"https:\/\/bblayouts.wpcreative.io\/wp-content\/uploads\/2020\/01\/logo-justin-3.png\" alt=\"\" itemprop=\"image\" onerror=\"this.style.display='none'\"  \/>\n\t\t\t\t<img decoding=\"async\" src=\"https:\/\/bblayouts.wpcreative.io\/wp-content\/uploads\/2020\/01\/logo-atr.png\" alt=\"\" itemprop=\"image\" onerror=\"this.style.display='none'\"  \/>\n\t\t\t\t<img decoding=\"async\" src=\"http:\/\/drfeliperamos.com.br\/wp-content\/uploads\/2024\/01\/dr-felipe.png\" alt=\"dr-felipe\" itemprop=\"image\" title=\"dr-felipe\" onerror=\"this.style.display='none'\"  \/>\n<h2>\n\t\tColoproctologia &#038; Cirurgia Geral\n\t<\/h2>\n<a href=\"http:\/\/www.drfeliperamos.com.br\/sobre\">Dr. Felipe Ramos \u00e9 cirurgi\u00e3o especialista em Coloproctologia, desempenhando atividades relacionadas <\/a><a href=\"http:\/\/www.drfeliperamos.com.br\/sobre\">\u00e0 pesquisa, diagn\u00f3stico e tratamento de pacientes que sofrem de doen\u00e7as dos intestinos, reto e \u00e2nus.<\/a>\n<a href=\"http:\/\/www.drfeliperamos.com.br\/sobre\">Dr. Felipe Ramos \u00e9 cirurgi\u00e3o especialista em Coloproctologia, desempenhando atividades relacionadas<\/a>\n<a href=\"http:\/\/www.drfeliperamos.com.br\/sobre\">\u00e0 pesquisa, diagn\u00f3stico e tratamento de pacientes que sofrem de doen\u00e7as dos intestinos, reto e \u00e2nus.<\/a>\n<h1>\n\t\tQuem se cuida n\u00e3o perde o melhor da vida.  Fa\u00e7a um CHECK-UP.\n\t<\/h1>\n<h2>\n\t\tEspecialidades\n\t<\/h2>\n\t<p><strong>Abscesso anal<\/strong><\/p>\n\t<p><strong>C\u00e2ncer colorretal <\/strong><\/p>\n\t<p><strong>Abscesso anal<\/strong><\/p>\n\t<p><strong>Cisto Pilonidal<\/strong><\/p>\n\t<p><strong>HPV (condilomas anais)<\/strong><\/p>\n\t<p><strong>Diverticulite aguda<\/strong><\/p>\n\t<p><strong>Doen\u00e7a de Crohn e Retocolite Ulcerativa<\/strong><\/p>\n\t<p><strong>Endometriose P\u00e9lvica<\/strong><\/p>\n\t<p><strong>Incontin\u00eancia Fecal<\/strong><\/p>\n\t<p><strong>Fissura anal<\/strong><\/p>\n\t<p><strong>F\u00edstula perianal<\/strong><\/p>\n\t<p><strong>Hemorr\u00f3idas<\/strong><\/p>\n\t<p><strong>Prurido anal (coceira no \u00e2nus)<\/strong><\/p>\n\t<p><strong>S\u00edndrome do Intestino Irrit\u00e1vel<\/strong><\/p>\n<h2>\n\t\tPLANOS DE SA\u00daDE ATENDIDOS\n\t<\/h2>\n\t<ul>\n    <li> UNIMED <\/li>\n    <li> AMIL ASSISTENCIA MEDICA INTERNACIONAL LTDA<\/li>\n    <li> ASSEFAZ <\/li>\n    <li> BANCO CENTRAL <\/li>\n    <li> BASE AEREA DE FORTALEZA <\/li>\n    <li> BRADESCO <\/li>\n    <li> BRADESCO PROCTOLOGIA <\/li>\n    <li> CAFAZ <\/li>\n    <li> CAIXA ASSIST EMPREG EMPR BRASIL PESQ AGROP <\/li>\n    <li> POSTAL SAUDE <\/li>\n    <li> CAMED <\/li>\n    <li> CAPSESP <\/li>\n    <li> CASSI <\/li>\n    <li> EMBRATEL <\/li>\n    <li> FACHESF <\/li>\n    <li> FAMED <\/li>\n    <li> FUNCEF (SAUDE CAIXA) <\/li>\n    <li> FUSEX <\/li>\n    <li> FUSMA <\/li>\n    <li> GEAP <\/li>\n<\/ul>\n\t<ul>\n    <li>HOSPITAL INFANTIL ALBERT SABIN<\/li>\n    <li> IPM <\/li>\n    <li> ISSEC <\/li>\n    <li> ISSEC INTERIOR <\/li>\n    <li> JESU\u00cdTAS DO BRASIL <\/li>\n    <li> LIV SA\u00daDE <\/li>\n    <li> LIFE EMPRESARIAL <\/li>\n    <li> MEDISERVICE <\/li>\n    <li> MERCEEIROS <\/li>\n    <li> NORCLINICAS (INTERMEDICA) <\/li>\n    <li> NOTRE DAME SEGURADORA SA (INTERMEDICA) <\/li>\n    <li> PAS <\/li>\n    <li> PAS INTERIOR <\/li>\n    <li> PETROBRAS DISFOR <\/li>\n    <li> PLAN ASSISTE <\/li>\n    <li> PROASA <\/li>\n    <li> REDE MAIS SA\u00daDE E VIDA <\/li>\n    <li> SUL AMERICA SERVICOS DE SAUDE SA <\/li>\n    <li> VAI BEM <\/li>\n    <li> VITALLIS <\/li>\n<\/ul>\n\t\t<h2>\t\n\tCOLONOSCOPIA E CONSULTA<\/h2>\t\n\t<iframe src=\"https:\/\/www.google.com\/maps\/embed\/v1\/place?q=Hospital+OTOcl%C3%ADnica+Sul&#038;key=AIzaSyD09zQ9PNDNNy9TadMuzRV_UsPUoWKntt8\" aria-hidden=\"true\"><\/iframe>\n\t<h3>GASTROSUL<\/h3>\nRua Manoel Monteiro, 950 &#8211; Cidade dos Funcion\u00e1rios\nFortaleza &#8211; CE\n60822-080\n(85) 99741.1414 (whatsapp)\n(85) 99741.1441 (whatsapp)\nFixo: (85) 3055.2901\n(85) 3055.2934\n\t\t<h2>\t\n\tCONSULTAS<\/h2>\t\n\t<iframe src=\"https:\/\/www.google.com\/maps\/embed\/v1\/place?q=R.+Dr.+Jos%C3%A9+Louren%C3%A7o%2C+777&#038;key=AIzaSyD09zQ9PNDNNy9TadMuzRV_UsPUoWKntt8\" aria-hidden=\"true\"><\/iframe>\n\t<h3>HOSPITAL OTOCL\u00cdNICA SUL<\/h3>\nAv. Edilson Brasil Soares 1520\nEdson Queiroz, Fortaleza &#8211; CE\nCEP: 60834-005\nAGENDAMENTOS: (85) 3466.1133\n\t\t<h2>\t\n\tO QUE DIZEM NOSSOS PACIENTES<\/h2>\t\n\t<!-- Cole este bloco inteiro em um m\u00f3dulo HTML (sem t\u00edtulo) -->\n<link rel=\"stylesheet\" href=\"https:\/\/cdn.jsdelivr.net\/npm\/swiper@11\/swiper-bundle.min.css\"\/>\n<style>\n  :root{\n    --card:#f7fafc; --accent:#0b6cf6; --muted:#6b7280; --shadow:0 6px 20px rgba(16,24,40,0.08);\n    --radius:14px; --gap:18px; font-family: Inter, system-ui, -apple-system, \"Segoe UI\", Roboto, \"Helvetica Neue\", Arial;\n  }\n  .depoimentos-wrap{width:100%;max-width:1100px;margin:0 auto;padding:10px}\n  .swiper{padding:6px 0}\n  .swiper-slide{display:flex;align-items:stretch}\n  .card{\n    background:var(--card);border-radius:var(--radius);padding:20px;box-shadow:var(--shadow);\n    width:100%;display:flex;flex-direction:column;gap:12px;min-height:160px;\n  }\n  .meta{display:flex;align-items:center;gap:12px}\n  .avatar{width:56px;height:56px;border-radius:999px;background:linear-gradient(135deg,#e2e8f0,#c7d2fe);\n    display:flex;align-items:center;justify-content:center;font-weight:700;color:#0f172a;font-size:0.95rem;flex-shrink:0}\n  .author{font-weight:700}\n  .verified{display:none;align-items:center;gap:8px;color:var(--muted);font-size:0.875rem}\n  .verified .badge{background:#e6f0ff;color:var(--accent);padding:4px 8px;border-radius:999px;font-weight:600;font-size:0.75rem}\n  .text{font-size:1rem;line-height:1.45;color:#0b1220}\n  .footer{display:flex;gap:8px;align-items:center;color:var(--muted);font-size:0.9rem;flex-wrap:wrap}\n  .dot{width:6px;height:6px;background:var(--muted);border-radius:50%}\n  .swiper-pagination-bullet{background:#cbd5e1;opacity:1}\n  .swiper-pagination-bullet-active{background:var(--accent)}\n  @media(min-width:720px){ .swiper-slide .card{padding:24px} }\n<\/style>\n      <article role=\"group\" aria-label=\"Depoimento 1\">\n            EM\n              Eufr\u00e1zio Morais\n              Consulta verificada\n          <p>Sou do Rio de Janeiro e, de f\u00e9rias em Fortaleza, fui atendido pelo dr Felipe. Mostrou-se um excelente profissional. Com boa comunica\u00e7\u00e3o, orientou-me em rela\u00e7\u00e3o aos procedimentos que deveria fazer, deixando-me tranquilo. Parab\u00e9ns ao dr Felipe e todo o atendimento da Equipe Gastrosul.<\/p>\n            15 de outubro de 2025Cl\u00ednica GastrosulConsulta em Coloproctologia\n      <\/article>\n      <article role=\"group\" aria-label=\"Depoimento 2\">\n            FR\n              Fred Rios\n              Consulta verificada\n          <p>Muito bom mesmo, atencioso e objetivo, realmente um m\u00e9dico diferenciado. Estou muito confiante na conversa que tivemos e no tratamento que vou seguir.<\/p>\n            2 de outubro de 2025Cl\u00ednica GastrosulConsulta em Coloproctologia\n      <\/article>\n      <article role=\"group\" aria-label=\"Depoimento 3\">\n            PC\n              Priscilla Carvalho\n              Consulta verificada\n          <p>Profissional incr\u00edvel! Muito atencioso e \u00e9tico. Tamb\u00e9m sanou todas as minhas d\u00favidas, explicando detalhadamente cada procedimento realizado.<\/p>\n            12 de setembro de 2025Cl\u00ednica GastrosulConsulta em Coloproctologia\n      <\/article>\n      <article role=\"group\" aria-label=\"Depoimento 4\">\n            RN\n              Raimundo Nonato de Oliveira Filho\n              Consulta verificada\n          <p>Excelente profissional com extrema compet\u00eancia e amplo dom\u00ednio dos conhecimentos pertinentes ao corpo e \u00e0 alma humana.<\/p>\n            4 de setembro de 2025Cl\u00ednica GastrosulConsulta em Coloproctologia\n      <\/article>\n      <article role=\"group\" aria-label=\"Depoimento 5\">\n            JS\n              Joel Silva\n              Consulta verificada\n          <p>fui tratado com aten\u00e7\u00e3o e respeito. O m\u00e9dico demonstrou paci\u00eancia, ouviu cada detalhe das minhas queixas e explicou o diagn\u00f3stico de forma clara e cuidadosa, sem pressa. Al\u00e9m disso, transmitiu seguran\u00e7a e empatia, o que fez toda diferen\u00e7a para que eu sa\u00edsse tranquilo e confiante no tratamento indicado. Foi, sem d\u00favida, um atendimento de excel\u00eancia.<\/p>\n            22 de agosto de 2025Cl\u00ednica GastrosulConsulta em Coloproctologia\n      <\/article>\n\t\t<h2>\t\n\tEntre em contato!<\/h2>\t\nVoc\u00ea est\u00e1 com d\u00favidas sobre sua sa\u00fade? Entre em contato.\n\t<div class=\"forminator-ui forminator-custom-form forminator-custom-form-60 forminator-design--default  forminator_ajax\" data-forminator-render=\"0\" data-form=\"forminator-module-60\" data-uid=\"69d1cfb988b16\"><br\/><\/div><form\n\t\t\t\tid=\"forminator-module-60\"\n\t\t\t\tclass=\"forminator-ui forminator-custom-form forminator-custom-form-60 forminator-design--default  forminator_ajax\"\n\t\t\t\tmethod=\"post\"\n\t\t\t\tdata-forminator-render=\"0\"\n\t\t\t\tdata-form-id=\"60\"\n\t\t\t\t\n\t\t\t\tdata-design=\"default\"\n\t\t\t\tdata-color-option=\"default\"\n\t\t\t\t\n\t\t\t\t\n\t\t\t\t\n\t\t\t\tdata-grid=\"open\"\n\t\t\t\t\n\t\t\t\t\n\t\t\t\tstyle=\"display: none;\"\n\t\t\t\t\n\t\t\t\tdata-uid=\"69d1cfb988b16\"\n\t\t\t><div role=\"alert\" aria-live=\"polite\" class=\"forminator-response-message forminator-error\" aria-hidden=\"true\"><\/div><div class=\"forminator-row\"><div id=\"name-1\" class=\"forminator-field-name forminator-col forminator-col-12 \"><div class=\"forminator-field\"><input type=\"text\" name=\"name-1\" value=\"\" placeholder=\"Nome\" id=\"forminator-field-name-1_69d1cfb988b16\" class=\"forminator-input forminator-name--field\" aria-required=\"true\" \/><\/div><\/div><\/div><div class=\"forminator-row\"><div id=\"email-1\" class=\"forminator-field-email forminator-col forminator-col-12 \"><div class=\"forminator-field\"><input type=\"email\" name=\"email-1\" value=\"\" placeholder=\"Email\" id=\"forminator-field-email-1_69d1cfb988b16\" class=\"forminator-input forminator-email--field\" data-required=\"true\" aria-required=\"true\" \/><\/div><\/div><\/div><div class=\"forminator-row\"><div id=\"phone-1\" class=\"forminator-field-phone forminator-col forminator-col-12 \"><div class=\"forminator-field\"><input type=\"text\" name=\"phone-1\" value=\"\" placeholder=\"Celular\" id=\"forminator-field-phone-1_69d1cfb988b16\" class=\"forminator-input forminator-field--phone\" data-required=\"\" aria-required=\"false\" autocomplete=\"off\" \/><\/div><\/div><\/div><div class=\"forminator-row\"><div id=\"textarea-1\" class=\"forminator-field-textarea forminator-col forminator-col-12 \"><div class=\"forminator-field\"><textarea name=\"textarea-1\" placeholder=\"Mensagem\" id=\"forminator-field-textarea-1_69d1cfb988b16\" class=\"forminator-textarea\" rows=\"6\" style=\"min-height:140px;\" maxlength=\"180\" ><\/textarea><span id=\"forminator-field-textarea-1_69d1cfb988b16-description\" class=\"forminator-description\"><span data-limit=\"180\" data-type=\"characters\" data-editor=\"\">0 \/ 180<\/span><\/span><\/div><\/div><\/div><input type=\"hidden\" name=\"referer_url\" value=\"\" \/><div class=\"forminator-row forminator-row-last\"><div class=\"forminator-col\"><div class=\"forminator-field\"><button class=\"forminator-button forminator-button-submit\">Enviar mensagem<\/button><\/div><\/div><\/div><input type=\"hidden\" id=\"forminator_nonce\" name=\"forminator_nonce\" value=\"395a2d113f\" \/><input type=\"hidden\" name=\"_wp_http_referer\" value=\"\/index.php?rest_route=%2Fwp%2Fv2%2Fpages%2F17\" \/><input type=\"hidden\" name=\"form_id\" value=\"60\"><input type=\"hidden\" name=\"page_id\" value=\"17\"><input type=\"hidden\" name=\"form_type\" value=\"default\"><input type=\"hidden\" name=\"current_url\" value=\"https:\/\/drfeliperamos.com.br\/\"><input type=\"hidden\" name=\"render_id\" value=\"0\"><input type=\"hidden\" name=\"action\" value=\"forminator_submit_form_custom-forms\"><\/form>\n\t<style>\n  \/* Bot\u00e3o flutuante - base *\/\n  .float-btn {\n    position: fixed;\n    right: 20px;\n    z-index: 9999;\n    color: white;\n    padding: 14px 22px;\n    border-radius: 50px;\n    font-weight: 600;\n    box-shadow: 0 4px 12px rgba(0,0,0,0.25);\n    cursor: pointer;\n    transition: all 0.25s ease;\n    font-family: \"Inter\", Arial, sans-serif;\n    display: flex;\n    align-items: center;\n    gap: 8px;\n    text-decoration: none;\n  }\n  .float-btn:hover {\n    transform: translateY(-2px);\n  }\n  \/* Bot\u00e3o WhatsApp *\/\n  #whatsapp-btn {\n    bottom: 90px;\n    background-color: #25d366;\n  }\n  #whatsapp-btn:hover {\n    background-color: #1ebe5b;\n  }\n  \/* Bot\u00e3o Agendar *\/\n  #agendar-btn {\n    bottom: 20px;\n    background-color: #00bfa5;\n  }\n  #agendar-btn:hover {\n    background-color: #009c8a;\n  }\n  \/* Caixa do widget *\/\n  #doctoralia-section {\n    display: none;\n    position: fixed;\n    bottom: 80px;\n    right: 20px;\n    width: 400px;\n    height: 580px;\n    background: #fff;\n    border-radius: 16px;\n    box-shadow: 0 8px 30px rgba(0,0,0,0.25);\n    padding: 20px;\n    z-index: 9998;\n    overflow-y: auto;\n  }\n  \/* Bot\u00e3o fechar *\/\n  #doctoralia-section .close {\n    text-align: right;\n    cursor: pointer;\n    font-size: 18px;\n    color: #777;\n    margin-bottom: 10px;\n  }\n  \/* Responsivo no mobile *\/\n  @media (max-width: 600px) {\n    #doctoralia-section {\n      right: 10px;\n      left: 10px;\n      width: auto;\n      height: 85vh;\n    }\n  }\n<\/style>\n<!-- Bot\u00e3o WhatsApp -->\n<a id=\"whatsapp-btn\" target=\"_blank\" href=\"https:\/\/wa.me\/5585984801178?text=Ol\u00e1%2C%20gostaria%20de%20atendimento%2024h.\" rel=\"noopener\">\n  \ud83d\udcac Agendar WhatsApp\n<\/a>\n<!-- Bot\u00e3o flutuante de agendamento -->\n\ud83d\udcc5 Agendar On-line\n<!-- Caixa do widget Doctoralia -->\n  \u2716\n  <a id=\"zl-url\"\n     href=\"https:\/\/www.doctoralia.com.br\/felipe-ramos-nogueira\/coloproctologista\/fortaleza\"\n     rel=\"nofollow\"\n     data-zlw-doctor=\"felipe-ramos-nogueira\"\n     data-zlw-type=\"big_with_calendar\"\n     data-zlw-opinion=\"false\"\n     data-zlw-hide-branding=\"true\"\n     data-zlw-saas-only=\"true\"\n     data-zlw-a11y-title=\"Widget de marca\u00e7\u00e3o de consultas m\u00e9dicas\">\n     Felipe Ramos Nogueira &#8211; Doctoralia.com.br\n  <\/a>\n\n","protected":false},"excerpt":{"rendered":"<p>Coloproctologia Tratamento especializado das diversas doen\u00e7as do intestino, reto e \u00e2nus como: \u2022 Colectomias por cirurgia convencional e por videocirurgia (tumores e\/ou divert\u00edculos no intestino); \u2022 Hemorroidectomia por cirurgia convencional e grampeada (menor dor no p\u00f3s-operat\u00f3rio); \u2022 Tratamento da incontin\u00eancia fecal (pessoa que n\u00e3o consegue segurar as fezes); \u2022 Tratamento da f\u00edstula anal por cirurgia [&hellip;]<\/p>\n","protected":false},"author":1,"featured_media":0,"parent":0,"menu_order":0,"comment_status":"closed","ping_status":"closed","template":"","meta":{"footnotes":""},"class_list":["post-17","page","type-page","status-publish","hentry"],"blocksy_meta":[],"_links":{"self":[{"href":"https:\/\/drfeliperamos.com.br\/index.php?rest_route=\/wp\/v2\/pages\/17"}],"collection":[{"href":"https:\/\/drfeliperamos.com.br\/index.php?rest_route=\/wp\/v2\/pages"}],"about":[{"href":"https:\/\/drfeliperamos.com.br\/index.php?rest_route=\/wp\/v2\/types\/page"}],"author":[{"embeddable":true,"href":"https:\/\/drfeliperamos.com.br\/index.php?rest_route=\/wp\/v2\/users\/1"}],"replies":[{"embeddable":true,"href":"https:\/\/drfeliperamos.com.br\/index.php?rest_route=%2Fwp%2Fv2%2Fcomments&post=17"}],"version-history":[{"count":71,"href":"https:\/\/drfeliperamos.com.br\/index.php?rest_route=\/wp\/v2\/pages\/17\/revisions"}],"predecessor-version":[{"id":265,"href":"https:\/\/drfeliperamos.com.br\/index.php?rest_route=\/wp\/v2\/pages\/17\/revisions\/265"}],"wp:attachment":[{"href":"https:\/\/drfeliperamos.com.br\/index.php?rest_route=%2Fwp%2Fv2%2Fmedia&parent=17"}],"curies":[{"name":"wp","href":"https:\/\/api.w.org\/{rel}","templated":true}]}}