{"id":71,"date":"2024-01-24T10:41:12","date_gmt":"2024-01-24T13:41:12","guid":{"rendered":"https:\/\/drfeliperamos.com.br\/?page_id=71"},"modified":"2024-03-12T00:25:42","modified_gmt":"2024-03-12T03:25:42","slug":"sobre","status":"publish","type":"page","link":"https:\/\/drfeliperamos.com.br\/?page_id=71","title":{"rendered":"Sobre"},"content":{"rendered":"\n\n<h2>\n\t\tDr. Felipe Ramos\n\t<\/h2>\n<u><strong>\u2022 Cirurgia anorretal <\/strong><\/u><br \/>\n<u><strong>\u2022 Colonoscopia<\/strong><\/u><br \/>\n<u><strong>\u2022 Videocirurgia<\/strong><\/u>\n<p><strong>Dr. Felipe Ramos \u00e9 cirurgi\u00e3o especialista em Coloproctologia, desempenhando atividades relacionadas <\/strong><strong>\u00e0 pesquisa, diagn\u00f3stico e tratamento <\/strong><strong>de pacientes que sofrem <\/strong><strong>de doen\u00e7as dos intestinos, <\/strong><strong>reto e \u00e2nus.<\/strong><\/p>\n\t\t\t\t<img decoding=\"async\" src=\"http:\/\/drfeliperamos.com.br\/wp-content\/uploads\/2024\/01\/dkfhnysvfcozxxao7cks.webp\" alt=\"dkfhnysvfcozxxao7cks\" itemprop=\"image\" title=\"dkfhnysvfcozxxao7cks\" onerror=\"this.style.display='none'\"  \/>\n<h1>\n\t\tQuem se cuida n\u00e3o perde o melhor da vida.  Fa\u00e7a um CHECK-UP.\n\t<\/h1>\n<h2>\n\t\tForma\u00e7\u00e3o acad\u00eamica\/titula\u00e7\u00e3o\n\t<\/h2>\n\t\t\t\t<img decoding=\"async\" src=\"http:\/\/drfeliperamos.com.br\/wp-content\/uploads\/2024\/01\/1.png\" alt=\"1\" itemprop=\"image\" title=\"1\" onerror=\"this.style.display='none'\"  \/>\nMestrando em Ci\u00eancias M\u00e9dico-Cir\u00fargicas pela Universidade Federal do Cear\u00e1.\n\t\t\t\t<img loading=\"lazy\" decoding=\"async\" src=\"https:\/\/drfeliperamos.com.br\/wp-content\/uploads\/2024\/01\/2.png\" alt=\"2\" itemprop=\"image\" height=\"65\" width=\"70\" title=\"2\" onerror=\"this.style.display='none'\"  \/>\nMembro titular da Sociedade Brasileira de Coloproctologia\n\t\t\t\t<img loading=\"lazy\" decoding=\"async\" src=\"https:\/\/drfeliperamos.com.br\/wp-content\/uploads\/2024\/01\/3.png\" alt=\"3\" itemprop=\"image\" height=\"65\" width=\"70\" title=\"3\" onerror=\"this.style.display='none'\"  \/>\nResid\u00eancia de Cirurgia Geral e de Coloproctologia no Hospital das Cl\u00ednicas da Universidade Federal do Cear\u00e1.\n\t\t\t\t<img loading=\"lazy\" decoding=\"async\" src=\"https:\/\/drfeliperamos.com.br\/wp-content\/uploads\/2024\/01\/4.png\" alt=\"4\" itemprop=\"image\" height=\"65\" width=\"70\" title=\"4\" onerror=\"this.style.display='none'\"  \/>\nM\u00e9dico formado pela Faculdade de Medicina da Universidade Federal do Cear\u00e1.\n<h2>\n\t\tPLANOS DE SA\u00daDE ATENDIDOS\n\t<\/h2>\n\t<ul>\n    <li> UNIMED <\/li>\n    <li> AMIL ASSISTENCIA MEDICA INTERNACIONAL LTDA<\/li>\n    <li> ASSEFAZ <\/li>\n    <li> BANCO CENTRAL <\/li>\n    <li> BASE AEREA DE FORTALEZA <\/li>\n    <li> BRADESCO <\/li>\n    <li> BRADESCO PROCTOLOGIA <\/li>\n    <li> CAFAZ <\/li>\n    <li> CAIXA ASSIST EMPREG EMPR BRASIL PESQ AGROP <\/li>\n    <li> POSTAL SAUDE <\/li>\n    <li> CAMED <\/li>\n    <li> CAPSESP <\/li>\n    <li> CASSI <\/li>\n    <li> EMBRATEL <\/li>\n    <li> FACHESF <\/li>\n    <li> FAMED <\/li>\n    <li> FUNCEF (SAUDE CAIXA) <\/li>\n    <li> FUSEX <\/li>\n    <li> FUSMA <\/li>\n    <li> GEAP <\/li>\n<\/ul>\n\t<ul>\n    <li>HOSPITAL INFANTIL ALBERT SABIN<\/li>\n    <li> IPM <\/li>\n    <li> ISSEC <\/li>\n    <li> ISSEC INTERIOR <\/li>\n    <li> JESU\u00cdTAS DO BRASIL <\/li>\n    <li> LIV SA\u00daDE <\/li>\n    <li> LIFE EMPRESARIAL <\/li>\n    <li> MEDISERVICE <\/li>\n    <li> MERCEEIROS <\/li>\n    <li> NORCLINICAS (INTERMEDICA) <\/li>\n    <li> NOTRE DAME SEGURADORA SA (INTERMEDICA) <\/li>\n    <li> PAS <\/li>\n    <li> PAS INTERIOR <\/li>\n    <li> PETROBRAS DISFOR <\/li>\n    <li> PLAN ASSISTE <\/li>\n    <li> PROASA <\/li>\n    <li> REDE MAIS SA\u00daDE E VIDA <\/li>\n    <li> SUL AMERICA SERVICOS DE SAUDE SA <\/li>\n    <li> VAI BEM <\/li>\n    <li> VITALLIS <\/li>\n<\/ul>\n<h2>\n\t\tEspecialidades\n\t<\/h2>\n\t<p><strong>Abscesso anal<\/strong><\/p>\n\t<p><strong>C\u00e2ncer colorretal <\/strong><\/p>\n\t<p><strong>Abscesso anal<\/strong><\/p>\n\t<p><strong>Cisto Pilonidal<\/strong><\/p>\n\t<p><strong>HPV (condilomas anais)<\/strong><\/p>\n\t<p><strong>Diverticulite aguda<\/strong><\/p>\n\t<p><strong>Doen\u00e7a de Crohn e Retocolite Ulcerativa<\/strong><\/p>\n\t<p><strong>Endometriose P\u00e9lvica<\/strong><\/p>\n\t<p><strong>Incontin\u00eancia Fecal<\/strong><\/p>\n\t<p><strong>Fissura anal<\/strong><\/p>\n\t<p><strong>F\u00edstula perianal<\/strong><\/p>\n\t<p><strong>Hemorr\u00f3idas<\/strong><\/p>\n\t<p><strong>Prurido anal (coceira no \u00e2nus)<\/strong><\/p>\n\t<p><strong>S\u00edndrome do Intestino Irrit\u00e1vel<\/strong><\/p>\n\t\t<h2>\t\n\tCOLONOSCOPIA E CONSULTA<\/h2>\t\n\t<iframe src=\"https:\/\/www.google.com\/maps\/embed\/v1\/place?q=Hospital+OTOcl%C3%ADnica+Sul&#038;key=AIzaSyD09zQ9PNDNNy9TadMuzRV_UsPUoWKntt8\" aria-hidden=\"true\"><\/iframe>\n\t<h3>GASTROSUL<\/h3>\nRua Manoel Monteiro, 950 &#8211; Cidade dos Funcion\u00e1rios\nFortaleza &#8211; CE\n60822-080\n(85) 99741.1414 (whatsapp)\n(85) 99741.1441 (whatsapp)\nFixo: (85) 3055.2901\n(85) 3055.2934\n\t\t<h2>\t\n\tCONSULTAS<\/h2>\t\n\t<iframe src=\"https:\/\/www.google.com\/maps\/embed\/v1\/place?q=R.+Dr.+Jos%C3%A9+Louren%C3%A7o%2C+777&#038;key=AIzaSyD09zQ9PNDNNy9TadMuzRV_UsPUoWKntt8\" aria-hidden=\"true\"><\/iframe>\n\t<h3>HOSPITAL OTOCL\u00cdNICA SUL<\/h3>\nAv. Edilson Brasil Soares 1520\nEdson Queiroz, Fortaleza &#8211; CE\nCEP: 60834-005\nAGENDAMENTOS: (85) 3466.1133\n\t\t<h2>\t\n\tCOLONOSCOPIA<\/h2>\t\n\t<iframe src=\"https:\/\/www.google.com\/maps\/embed\/v1\/place?q=R.+Dr.+Jos%C3%A9+Louren%C3%A7o%2C+777&#038;key=AIzaSyD09zQ9PNDNNy9TadMuzRV_UsPUoWKntt8\" aria-hidden=\"true\"><\/iframe>\n\t<h3>PROCTOCLINIC<\/h3>\nR. Dr. Jos\u00e9 Louren\u00e7o, 777 &#8211; 3\u00ba Andar (Hospital S\u00e3o Raimundo)\nAldeota, Fortaleza &#8211; CE,\nCEP: 60115-280\nAGENDAMENTOS:\n(85) 3261.7270\n(85) 3224.8602\n\t\t<h2>\t\n\tEntre em contato!<\/h2>\t\nVoc\u00ea est\u00e1 com d\u00favidas sobre sua sa\u00fade? Entre em contato.\n\t<div class=\"forminator-ui forminator-custom-form forminator-custom-form-60 forminator-design--default  forminator_ajax\" data-forminator-render=\"0\" data-form=\"forminator-module-60\" data-uid=\"69d23a55c06eb\"><br\/><\/div><form\n\t\t\t\tid=\"forminator-module-60\"\n\t\t\t\tclass=\"forminator-ui forminator-custom-form forminator-custom-form-60 forminator-design--default  forminator_ajax\"\n\t\t\t\tmethod=\"post\"\n\t\t\t\tdata-forminator-render=\"0\"\n\t\t\t\tdata-form-id=\"60\"\n\t\t\t\t\n\t\t\t\tdata-design=\"default\"\n\t\t\t\tdata-color-option=\"default\"\n\t\t\t\t\n\t\t\t\t\n\t\t\t\t\n\t\t\t\tdata-grid=\"open\"\n\t\t\t\t\n\t\t\t\t\n\t\t\t\tstyle=\"display: none;\"\n\t\t\t\t\n\t\t\t\tdata-uid=\"69d23a55c06eb\"\n\t\t\t><div role=\"alert\" aria-live=\"polite\" class=\"forminator-response-message forminator-error\" aria-hidden=\"true\"><\/div><div class=\"forminator-row\"><div id=\"name-1\" class=\"forminator-field-name forminator-col forminator-col-12 \"><div class=\"forminator-field\"><input type=\"text\" name=\"name-1\" value=\"\" placeholder=\"Nome\" id=\"forminator-field-name-1_69d23a55c06eb\" class=\"forminator-input forminator-name--field\" aria-required=\"true\" \/><\/div><\/div><\/div><div class=\"forminator-row\"><div id=\"email-1\" class=\"forminator-field-email forminator-col forminator-col-12 \"><div class=\"forminator-field\"><input type=\"email\" name=\"email-1\" value=\"\" placeholder=\"Email\" id=\"forminator-field-email-1_69d23a55c06eb\" class=\"forminator-input forminator-email--field\" data-required=\"true\" aria-required=\"true\" \/><\/div><\/div><\/div><div class=\"forminator-row\"><div id=\"phone-1\" class=\"forminator-field-phone forminator-col forminator-col-12 \"><div class=\"forminator-field\"><input type=\"text\" name=\"phone-1\" value=\"\" placeholder=\"Celular\" id=\"forminator-field-phone-1_69d23a55c06eb\" class=\"forminator-input forminator-field--phone\" data-required=\"\" aria-required=\"false\" autocomplete=\"off\" \/><\/div><\/div><\/div><div class=\"forminator-row\"><div id=\"textarea-1\" class=\"forminator-field-textarea forminator-col forminator-col-12 \"><div class=\"forminator-field\"><textarea name=\"textarea-1\" placeholder=\"Mensagem\" id=\"forminator-field-textarea-1_69d23a55c06eb\" class=\"forminator-textarea\" rows=\"6\" style=\"min-height:140px;\" maxlength=\"180\" ><\/textarea><span id=\"forminator-field-textarea-1_69d23a55c06eb-description\" class=\"forminator-description\"><span data-limit=\"180\" data-type=\"characters\" data-editor=\"\">0 \/ 180<\/span><\/span><\/div><\/div><\/div><input type=\"hidden\" name=\"referer_url\" value=\"\" \/><div class=\"forminator-row forminator-row-last\"><div class=\"forminator-col\"><div class=\"forminator-field\"><button class=\"forminator-button forminator-button-submit\">Enviar mensagem<\/button><\/div><\/div><\/div><input type=\"hidden\" id=\"forminator_nonce\" name=\"forminator_nonce\" value=\"395a2d113f\" \/><input type=\"hidden\" name=\"_wp_http_referer\" value=\"\/index.php?rest_route=%2Fwp%2Fv2%2Fpages%2F71\" \/><input type=\"hidden\" name=\"form_id\" value=\"60\"><input type=\"hidden\" name=\"page_id\" value=\"71\"><input type=\"hidden\" name=\"form_type\" value=\"default\"><input type=\"hidden\" name=\"current_url\" value=\"https:\/\/drfeliperamos.com.br\/?page_id=71\"><input type=\"hidden\" name=\"render_id\" value=\"0\"><input type=\"hidden\" name=\"action\" value=\"forminator_submit_form_custom-forms\"><\/form>\n\n","protected":false},"excerpt":{"rendered":"<p>Dr. Felipe Ramos \u2022 Cirurgia anorretal \u2022 Colonoscopia \u2022 Videocirurgia Dr. Felipe Ramos \u00e9 cirurgi\u00e3o especialista em Coloproctologia, desempenhando atividades relacionadas \u00e0 pesquisa, diagn\u00f3stico e tratamento de pacientes que sofrem de doen\u00e7as dos intestinos, reto e \u00e2nus. Quem se cuida n\u00e3o perde o melhor da vida. Fa\u00e7a um CHECK-UP. Forma\u00e7\u00e3o acad\u00eamica\/titula\u00e7\u00e3o Mestrando em Ci\u00eancias M\u00e9dico-Cir\u00fargicas [&hellip;]<\/p>\n","protected":false},"author":1,"featured_media":0,"parent":0,"menu_order":0,"comment_status":"closed","ping_status":"closed","template":"","meta":{"footnotes":""},"class_list":["post-71","page","type-page","status-publish","hentry"],"blocksy_meta":[],"_links":{"self":[{"href":"https:\/\/drfeliperamos.com.br\/index.php?rest_route=\/wp\/v2\/pages\/71"}],"collection":[{"href":"https:\/\/drfeliperamos.com.br\/index.php?rest_route=\/wp\/v2\/pages"}],"about":[{"href":"https:\/\/drfeliperamos.com.br\/index.php?rest_route=\/wp\/v2\/types\/page"}],"author":[{"embeddable":true,"href":"https:\/\/drfeliperamos.com.br\/index.php?rest_route=\/wp\/v2\/users\/1"}],"replies":[{"embeddable":true,"href":"https:\/\/drfeliperamos.com.br\/index.php?rest_route=%2Fwp%2Fv2%2Fcomments&post=71"}],"version-history":[{"count":12,"href":"https:\/\/drfeliperamos.com.br\/index.php?rest_route=\/wp\/v2\/pages\/71\/revisions"}],"predecessor-version":[{"id":99,"href":"https:\/\/drfeliperamos.com.br\/index.php?rest_route=\/wp\/v2\/pages\/71\/revisions\/99"}],"wp:attachment":[{"href":"https:\/\/drfeliperamos.com.br\/index.php?rest_route=%2Fwp%2Fv2%2Fmedia&parent=71"}],"curies":[{"name":"wp","href":"https:\/\/api.w.org\/{rel}","templated":true}]}}